{"id":7481,"date":"2025-05-07T17:39:56","date_gmt":"2025-05-07T17:39:56","guid":{"rendered":"https:\/\/uhy-co.com\/?page_id=7481"},"modified":"2025-08-22T18:54:23","modified_gmt":"2025-08-22T18:54:23","slug":"disclosure","status":"publish","type":"page","link":"https:\/\/uhy-co.com\/en\/disclosure\/","title":{"rendered":"Disclosure"},"content":{"rendered":"<div data-elementor-type=\"wp-page\" data-elementor-id=\"7481\" class=\"elementor elementor-7481\" data-elementor-settings=\"{&quot;element_pack_global_tooltip_width&quot;:{&quot;unit&quot;:&quot;px&quot;,&quot;size&quot;:&quot;&quot;,&quot;sizes&quot;:[]},&quot;element_pack_global_tooltip_width_widescreen&quot;:{&quot;unit&quot;:&quot;px&quot;,&quot;size&quot;:&quot;&quot;,&quot;sizes&quot;:[]},&quot;element_pack_global_tooltip_width_laptop&quot;:{&quot;unit&quot;:&quot;px&quot;,&quot;size&quot;:&quot;&quot;,&quot;sizes&quot;:[]},&quot;element_pack_global_tooltip_width_tablet&quot;:{&quot;unit&quot;:&quot;px&quot;,&quot;size&quot;:&quot;&quot;,&quot;sizes&quot;:[]},&quot;element_pack_global_tooltip_width_mobile&quot;:{&quot;unit&quot;:&quot;px&quot;,&quot;size&quot;:&quot;&quot;,&quot;sizes&quot;:[]},&quot;element_pack_global_tooltip_padding&quot;:{&quot;unit&quot;:&quot;px&quot;,&quot;top&quot;:&quot;&quot;,&quot;right&quot;:&quot;&quot;,&quot;bottom&quot;:&quot;&quot;,&quot;left&quot;:&quot;&quot;,&quot;isLinked&quot;:true},&quot;element_pack_global_tooltip_padding_widescreen&quot;:{&quot;unit&quot;:&quot;px&quot;,&quot;top&quot;:&quot;&quot;,&quot;right&quot;:&quot;&quot;,&quot;bottom&quot;:&quot;&quot;,&quot;left&quot;:&quot;&quot;,&quot;isLinked&quot;:true},&quot;element_pack_global_tooltip_padding_laptop&quot;:{&quot;unit&quot;:&quot;px&quot;,&quot;top&quot;:&quot;&quot;,&quot;right&quot;:&quot;&quot;,&quot;bottom&quot;:&quot;&quot;,&quot;left&quot;:&quot;&quot;,&quot;isLinked&quot;:true},&quot;element_pack_global_tooltip_padding_tablet&quot;:{&quot;unit&quot;:&quot;px&quot;,&quot;top&quot;:&quot;&quot;,&quot;right&quot;:&quot;&quot;,&quot;bottom&quot;:&quot;&quot;,&quot;left&quot;:&quot;&quot;,&quot;isLinked&quot;:true},&quot;element_pack_global_tooltip_padding_mobile&quot;:{&quot;unit&quot;:&quot;px&quot;,&quot;top&quot;:&quot;&quot;,&quot;right&quot;:&quot;&quot;,&quot;bottom&quot;:&quot;&quot;,&quot;left&quot;:&quot;&quot;,&quot;isLinked&quot;:true},&quot;element_pack_global_tooltip_border_radius&quot;:{&quot;unit&quot;:&quot;px&quot;,&quot;top&quot;:&quot;&quot;,&quot;right&quot;:&quot;&quot;,&quot;bottom&quot;:&quot;&quot;,&quot;left&quot;:&quot;&quot;,&quot;isLinked&quot;:true},&quot;element_pack_global_tooltip_border_radius_widescreen&quot;:{&quot;unit&quot;:&quot;px&quot;,&quot;top&quot;:&quot;&quot;,&quot;right&quot;:&quot;&quot;,&quot;bottom&quot;:&quot;&quot;,&quot;left&quot;:&quot;&quot;,&quot;isLinked&quot;:true},&quot;element_pack_global_tooltip_border_radius_laptop&quot;:{&quot;unit&quot;:&quot;px&quot;,&quot;top&quot;:&quot;&quot;,&quot;right&quot;:&quot;&quot;,&quot;bottom&quot;:&quot;&quot;,&quot;left&quot;:&quot;&quot;,&quot;isLinked&quot;:true},&quot;element_pack_global_tooltip_border_radius_tablet&quot;:{&quot;unit&quot;:&quot;px&quot;,&quot;top&quot;:&quot;&quot;,&quot;right&quot;:&quot;&quot;,&quot;bottom&quot;:&quot;&quot;,&quot;left&quot;:&quot;&quot;,&quot;isLinked&quot;:true},&quot;element_pack_global_tooltip_border_radius_mobile&quot;:{&quot;unit&quot;:&quot;px&quot;,&quot;top&quot;:&quot;&quot;,&quot;right&quot;:&quot;&quot;,&quot;bottom&quot;:&quot;&quot;,&quot;left&quot;:&quot;&quot;,&quot;isLinked&quot;:true}}\" data-elementor-post-type=\"page\">\n\t\t\t\t<div data-particle_enable=\"false\" data-particle-mobile-disabled=\"false\" class=\"elementor-element elementor-element-96e3d66 e-con-full e-flex wpr-particle-no wpr-jarallax-no wpr-parallax-no wpr-sticky-section-no e-con e-parent\" data-id=\"96e3d66\" data-element_type=\"container\" data-e-type=\"container\" data-settings=\"{&quot;background_background&quot;:&quot;classic&quot;}\">\n\t\t<div data-particle_enable=\"false\" data-particle-mobile-disabled=\"false\" class=\"elementor-element elementor-element-1d70b27 e-con-full e-flex wpr-particle-no wpr-jarallax-no wpr-parallax-no wpr-sticky-section-no e-con e-child\" data-id=\"1d70b27\" data-element_type=\"container\" data-e-type=\"container\">\n\t\t<div data-particle_enable=\"false\" data-particle-mobile-disabled=\"false\" class=\"elementor-element elementor-element-cb4cfe0 e-con-full e-flex wpr-particle-no wpr-jarallax-no wpr-parallax-no wpr-sticky-section-no e-con e-child\" data-id=\"cb4cfe0\" data-element_type=\"container\" data-e-type=\"container\">\n\t\t\t\t<div class=\"elementor-element elementor-element-ba574d3 elementor-widget elementor-widget-heading\" data-id=\"ba574d3\" data-element_type=\"widget\" data-e-type=\"widget\" data-widget_type=\"heading.default\">\n\t\t\t\t<div class=\"elementor-widget-container\">\n\t\t\t\t\t<h2 class=\"elementor-heading-title elementor-size-default\">Disclosure<\/h2>\t\t\t\t<\/div>\n\t\t\t\t<\/div>\n\t\t\t\t<\/div>\n\t\t<div data-particle_enable=\"false\" data-particle-mobile-disabled=\"false\" class=\"elementor-element elementor-element-5c73eb3 e-con-full elementor-hidden-widescreen elementor-hidden-desktop elementor-hidden-laptop elementor-hidden-tablet elementor-hidden-mobile e-flex wpr-particle-no wpr-jarallax-no wpr-parallax-no wpr-sticky-section-no e-con e-child\" data-id=\"5c73eb3\" data-element_type=\"container\" data-e-type=\"container\">\n\t\t<div data-particle_enable=\"false\" data-particle-mobile-disabled=\"false\" class=\"elementor-element elementor-element-e13519e e-con-full e-flex wpr-particle-no wpr-jarallax-no wpr-parallax-no wpr-sticky-section-no e-con e-child\" data-id=\"e13519e\" data-element_type=\"container\" data-e-type=\"container\" data-settings=\"{&quot;background_background&quot;:&quot;classic&quot;}\">\n\t\t\t\t<\/div>\n\t\t\t\t<\/div>\n\t\t\t\t<\/div>\n\t\t\t\t<\/div>\n\t\t<div data-particle_enable=\"false\" data-particle-mobile-disabled=\"false\" class=\"elementor-element elementor-element-4203123 e-flex e-con-boxed wpr-particle-no wpr-jarallax-no wpr-parallax-no wpr-sticky-section-no e-con e-parent\" data-id=\"4203123\" data-element_type=\"container\" data-e-type=\"container\">\n\t\t\t\t\t<div class=\"e-con-inner\">\n\t\t<div data-particle_enable=\"false\" data-particle-mobile-disabled=\"false\" class=\"elementor-element elementor-element-beea0db e-con-full e-flex wpr-particle-no wpr-jarallax-no wpr-parallax-no wpr-sticky-section-no e-con e-child\" data-id=\"beea0db\" data-element_type=\"container\" data-e-type=\"container\">\n\t\t\t\t<div class=\"elementor-element elementor-element-9f5a587 elementor-widget__width-initial elementor-widget elementor-widget-text-editor\" data-id=\"9f5a587\" data-element_type=\"widget\" data-e-type=\"widget\" data-widget_type=\"text-editor.default\">\n\t\t\t\t<div class=\"elementor-widget-container\">\n\t\t\t\t\t\t\t\t\t<p><a href=\"https:\/\/uhy-co.com\/\">Home<\/a> &gt;\u00a0<a href=\"https:\/\/uhy-co.com\/disclosure\/\">Disclosure<\/a>\u00a0<\/p>\t\t\t\t\t\t\t\t<\/div>\n\t\t\t\t<\/div>\n\t\t\t\t<div class=\"elementor-element elementor-element-2270671 elementor-widget__width-initial elementor-widget elementor-widget-heading\" data-id=\"2270671\" data-element_type=\"widget\" data-e-type=\"widget\" data-widget_type=\"heading.default\">\n\t\t\t\t<div class=\"elementor-widget-container\">\n\t\t\t\t\t<h2 class=\"elementor-heading-title elementor-size-default\"><b> News <\/b> | 27 January 2025<\/h2>\t\t\t\t<\/div>\n\t\t\t\t<\/div>\n\t\t\t\t<div class=\"elementor-element elementor-element-e3b94ba elementor-widget__width-initial elementor-widget elementor-widget-heading\" data-id=\"e3b94ba\" data-element_type=\"widget\" data-e-type=\"widget\" data-widget_type=\"heading.default\">\n\t\t\t\t<div class=\"elementor-widget-container\">\n\t\t\t\t\t<h2 class=\"elementor-heading-title elementor-size-default\">UHY es una red internacional de empresas de contabilidad y consultor\u00eda legalmente independientes cuya entidad administrativa es Urbach Hacker Young International Limited, una empresa del Reino Unido. UHY es el nombre de la marca de la red internacional UHY. Los servicios a los clientes son proporcionados por las empresas miembros y no por Urbach Hacker Young International Limited. Ni Urbach Hacker Young International Limited, la red UHY, ni ning\u00fan miembro de UHY tiene ninguna responsabilidad por los servicios prestados por otros miembros.<\/h2>\t\t\t\t<\/div>\n\t\t\t\t<\/div>\n\t\t\t\t<div class=\"elementor-element elementor-element-4095df1 elementor-widget__width-initial elementor-widget elementor-widget-text-editor\" data-id=\"4095df1\" data-element_type=\"widget\" data-e-type=\"widget\" data-widget_type=\"text-editor.default\">\n\t\t\t\t<div class=\"elementor-widget-container\">\n\t\t\t\t\t\t\t\t\t<div>Los enlaces de terceros, incluidos los de los sitios web propios de las empresas miembros de UHY, se proporcionan para la comodidad de los usuarios de este sitio. UHY no controla ni es responsable de ninguno de estos sitios de terceros ni de su contenido. Los enlaces se proporcionan &#8220;tal como est\u00e1n&#8221; y no ofrecemos ninguna garant\u00eda, expresa o impl\u00edcita, por la informaci\u00f3n proporcionada en ellos.<\/div><div>\u00a0<\/div><div>Este sitio web est\u00e1 destinado a proporcionar informaci\u00f3n general sobre un tema en particular. No es un tratamiento exhaustivo de ning\u00fan tema, ni crea una relaci\u00f3n comercial o de servicio profesional. La informaci\u00f3n contenida en este documento no pretende constituir asesoramiento o servicios contables, fiscales, de inversi\u00f3n, legales u otros servicios profesionales. Si bien nos esforzamos por garantizar que la informaci\u00f3n de este sitio sea correcta, no se otorga ninguna garant\u00eda, expresa o impl\u00edcita, sobre su exactitud y no aceptamos ninguna responsabilidad por errores u omisiones.<\/div><div>\u00a0<\/div><div>Si bien haremos esfuerzos razonables para garantizar que este sitio est\u00e9 normalmente disponible las 24 horas del d\u00eda, no seremos responsables si por alguna raz\u00f3n el sitio no est\u00e1 disponible en cualquier momento o durante cualquier per\u00edodo. El acceso a este sitio puede suspenderse temporalmente y sin previo aviso en circunstancias de fallo del sistema, mantenimiento o reparaci\u00f3n o por razones fuera del control de UHY.<\/div><div>\u00a0<\/div><div>Este sitio web est\u00e1 destinado \u00fanicamente a orientaci\u00f3n general. No se puede aceptar ninguna responsabilidad por la p\u00e9rdida ocasionada a ninguna persona que act\u00fae o se abstenga de acciones como resultado de cualquier material en este sitio web. Al acceder a cualquier parte de este sitio, se considerar\u00e1 que ha aceptado estos t\u00e9rminos en su totalidad.<\/div><div>\u00a0<\/div><div><span style=\"text-decoration: underline;\"><em><strong>Informaci\u00f3n que recopilamos:<\/strong><\/em><\/span><\/div><div>\u00a0<\/div><div><strong>Cookies:<\/strong><\/div><div>Utilizamos &#8220;cookies&#8221; para mejorar sus visitas a nuestro sitio web. Una cookie es una peque\u00f1a cantidad de datos que se env\u00eda a su navegador desde un servidor web y se almacena en el disco duro de su ordenador. Las cookies no almacenan informaci\u00f3n personal sobre usted, a menos que usted la proporcione a sabiendas.<\/div><div>\u00a0<\/div><div><strong>Informaci\u00f3n personal:\u00a0<\/strong><\/div><div>En varios lugares de nuestro sitio web, podemos solicitar que nos proporcione &#8220;informaci\u00f3n personal&#8221; como su nombre, direcci\u00f3n de correo electr\u00f3nico o n\u00famero de tel\u00e9fono del trabajo.<\/div><div>Solo recopilamos informaci\u00f3n personal cuando nos la env\u00eda voluntariamente a trav\u00e9s de nuestros formularios en l\u00ednea. Si decide darnos informaci\u00f3n personal a trav\u00e9s de nuestro sitio web, recopilaremos y conservaremos esa informaci\u00f3n. Utilizamos esta informaci\u00f3n personal para proporcionarle cualquier servicio que necesite y tambi\u00e9n para comunicaciones por correo electr\u00f3nico.<\/div><div>\u00a0<\/div><div><strong>Informaci\u00f3n t\u00e9cnica:<\/strong><\/div><div>Cuando utiliza nuestro sitio web, tambi\u00e9n podemos recopilar &#8220;informaci\u00f3n t\u00e9cnica&#8221;, que es informaci\u00f3n que, por s\u00ed misma, no se puede utilizar para identificarlo o contactarlo.<\/div><div>\u00a0<\/div><div>Los ejemplos incluyen su direcci\u00f3n IP, el tipo de navegador que est\u00e1 utilizando, los sitios web que visita inmediatamente antes e inmediatamente despu\u00e9s de visitar nuestros sitios web, y otros datos an\u00f3nimos relacionados con su uso de nuestro sitio web. Esta informaci\u00f3n es recopilada por un software de monitoreo de sitios web de terceros y se conserva con fines de investigaci\u00f3n.<\/div><div>\u00a0<\/div><div>Utilizamos esta informaci\u00f3n para comprender la demograf\u00eda de los usuarios de nuestro sitio web, como la ubicaci\u00f3n geogr\u00e1fica, y para analizar c\u00f3mo se est\u00e1 utilizando nuestro sitio web, como el tiempo que se pasa en el sitio, con fines generales de informes y para mejorar el contenido futuro.<\/div><div>\u00a0<\/div><div>\u00a0<\/div><div>\u00a0<\/div><div>\u00a0<\/div>\t\t\t\t\t\t\t\t<\/div>\n\t\t\t\t<\/div>\n\t\t\t\t<\/div>\n\t\t\t\t\t<\/div>\n\t\t\t\t<\/div>\n\t\t\t\t<\/div>","protected":false},"excerpt":{"rendered":"<p>Disclosure Home &gt;\u00a0Disclosure\u00a0 News | 27 January 2025 UHY es una red internacional de empresas de contabilidad y consultor\u00eda legalmente independientes cuya entidad administrativa es Urbach Hacker Young International Limited, una empresa del Reino Unido. UHY es el nombre de la marca de la red internacional UHY. Los servicios a los clientes son proporcionados por las empresas miembros y no por Urbach Hacker Young International Limited. Ni Urbach Hacker Young International Limited, la red UHY, ni ning\u00fan miembro de UHY tiene ninguna responsabilidad por los servicios prestados por otros miembros. Los enlaces de terceros, incluidos los de los sitios web propios de las empresas miembros de UHY, se proporcionan para la comodidad de los usuarios de este sitio. UHY no controla ni es responsable de ninguno de estos sitios de terceros ni de su contenido. Los enlaces se proporcionan &#8220;tal como est\u00e1n&#8221; y no ofrecemos ninguna garant\u00eda, expresa o impl\u00edcita, por la informaci\u00f3n proporcionada en ellos.\u00a0Este sitio web est\u00e1 destinado a proporcionar informaci\u00f3n general sobre un tema en particular. No es un tratamiento exhaustivo de ning\u00fan tema, ni crea una relaci\u00f3n comercial o de servicio profesional. La informaci\u00f3n contenida en este documento no pretende constituir asesoramiento o servicios contables, fiscales, de inversi\u00f3n, legales u otros servicios profesionales. Si bien nos esforzamos por garantizar que la informaci\u00f3n de este sitio sea correcta, no se otorga ninguna garant\u00eda, expresa o impl\u00edcita, sobre su exactitud y no aceptamos ninguna responsabilidad por errores u omisiones.\u00a0Si bien haremos esfuerzos razonables para garantizar que este sitio est\u00e9 normalmente disponible las 24 horas del d\u00eda, no seremos responsables si por alguna raz\u00f3n el sitio no est\u00e1 disponible en cualquier momento o durante cualquier per\u00edodo. El acceso a este sitio puede suspenderse temporalmente y sin previo aviso en circunstancias de fallo del sistema, mantenimiento o reparaci\u00f3n o por razones fuera del control de UHY.\u00a0Este sitio web est\u00e1 destinado \u00fanicamente a orientaci\u00f3n general. No se puede aceptar ninguna responsabilidad por la p\u00e9rdida ocasionada a ninguna persona que act\u00fae o se abstenga de acciones como resultado de cualquier material en este sitio web. Al acceder a cualquier parte de este sitio, se considerar\u00e1 que ha aceptado estos t\u00e9rminos en su totalidad.\u00a0Informaci\u00f3n que recopilamos:\u00a0Cookies:Utilizamos &#8220;cookies&#8221; para mejorar sus visitas a nuestro sitio web. Una cookie es una peque\u00f1a cantidad de datos que se env\u00eda a su navegador desde un servidor web y se almacena en el disco duro de su ordenador. Las cookies no almacenan informaci\u00f3n personal sobre usted, a menos que usted la proporcione a sabiendas.\u00a0Informaci\u00f3n personal:\u00a0En varios lugares de nuestro sitio web, podemos solicitar que nos proporcione &#8220;informaci\u00f3n personal&#8221; como su nombre, direcci\u00f3n de correo electr\u00f3nico o n\u00famero de tel\u00e9fono del trabajo.Solo recopilamos informaci\u00f3n personal cuando nos la env\u00eda voluntariamente a trav\u00e9s de nuestros formularios en l\u00ednea. Si decide darnos informaci\u00f3n personal a trav\u00e9s de nuestro sitio web, recopilaremos y conservaremos esa informaci\u00f3n. Utilizamos esta informaci\u00f3n personal para proporcionarle cualquier servicio que necesite y tambi\u00e9n para comunicaciones por correo electr\u00f3nico.\u00a0Informaci\u00f3n t\u00e9cnica:Cuando utiliza nuestro sitio web, tambi\u00e9n podemos recopilar &#8220;informaci\u00f3n t\u00e9cnica&#8221;, que es informaci\u00f3n que, por s\u00ed misma, no se puede utilizar para identificarlo o contactarlo.\u00a0Los ejemplos incluyen su direcci\u00f3n IP, el tipo de navegador que est\u00e1 utilizando, los sitios web que visita inmediatamente antes e inmediatamente despu\u00e9s de visitar nuestros sitios web, y otros datos an\u00f3nimos relacionados con su uso de nuestro sitio web. Esta informaci\u00f3n es recopilada por un software de monitoreo de sitios web de terceros y se conserva con fines de investigaci\u00f3n.\u00a0Utilizamos esta informaci\u00f3n para comprender la demograf\u00eda de los usuarios de nuestro sitio web, como la ubicaci\u00f3n geogr\u00e1fica, y para analizar c\u00f3mo se est\u00e1 utilizando nuestro sitio web, como el tiempo que se pasa en el sitio, con fines generales de informes y para mejorar el contenido futuro.\u00a0\u00a0\u00a0\u00a0<\/p>","protected":false},"author":1,"featured_media":7483,"parent":0,"menu_order":0,"comment_status":"closed","ping_status":"closed","template":"elementor_canvas","meta":{"footnotes":""},"class_list":["post-7481","page","type-page","status-publish","has-post-thumbnail","hentry"],"yoast_head":"<!-- This site is optimized with the Yoast SEO plugin v27.2 - https:\/\/yoast.com\/product\/yoast-seo-wordpress\/ -->\n<title>Disclosure - uhy-co.com<\/title>\n<meta name=\"description\" content=\"Informaci\u00f3n legal importante sobre responsabilidad independencia y limitaciones del sitio web de UHY Colombia\" \/>\n<meta name=\"robots\" content=\"index, follow, max-snippet:-1, max-image-preview:large, max-video-preview:-1\" \/>\n<link rel=\"canonical\" href=\"https:\/\/uhy-co.com\/en\/disclosure\/\" \/>\n<meta property=\"og:locale\" content=\"en_US\" \/>\n<meta property=\"og:type\" content=\"article\" \/>\n<meta property=\"og:title\" content=\"Disclosure - uhy-co.com\" \/>\n<meta property=\"og:description\" content=\"Informaci\u00f3n legal importante sobre responsabilidad independencia y limitaciones del sitio web de UHY Colombia\" \/>\n<meta property=\"og:url\" content=\"https:\/\/uhy-co.com\/en\/disclosure\/\" \/>\n<meta property=\"og:site_name\" content=\"uhy-co.com\" \/>\n<meta property=\"article:modified_time\" content=\"2025-08-22T18:54:23+00:00\" \/>\n<meta property=\"og:image\" content=\"https:\/\/uhy-co.com\/wp-content\/uploads\/2025\/05\/UHY-Global-19-cover-hi-res.jpg.webp\" \/>\n\t<meta property=\"og:image:width\" content=\"420\" \/>\n\t<meta property=\"og:image:height\" content=\"600\" \/>\n\t<meta property=\"og:image:type\" content=\"image\/webp\" \/>\n<meta name=\"twitter:card\" content=\"summary_large_image\" \/>\n<meta name=\"twitter:label1\" content=\"Est. reading time\" \/>\n\t<meta name=\"twitter:data1\" content=\"4 minutes\" \/>\n<script type=\"application\/ld+json\" class=\"yoast-schema-graph\">{\"@context\":\"https:\/\/schema.org\",\"@graph\":[{\"@type\":\"WebPage\",\"@id\":\"https:\/\/uhy-co.com\/disclosure\/\",\"url\":\"https:\/\/uhy-co.com\/disclosure\/\",\"name\":\"Disclosure - uhy-co.com\",\"isPartOf\":{\"@id\":\"https:\/\/uhy-co.com\/#website\"},\"primaryImageOfPage\":{\"@id\":\"https:\/\/uhy-co.com\/disclosure\/#primaryimage\"},\"image\":{\"@id\":\"https:\/\/uhy-co.com\/disclosure\/#primaryimage\"},\"thumbnailUrl\":\"https:\/\/uhy-co.com\/wp-content\/uploads\/2025\/05\/UHY-Global-19-cover-hi-res.jpg.webp\",\"datePublished\":\"2025-05-07T17:39:56+00:00\",\"dateModified\":\"2025-08-22T18:54:23+00:00\",\"description\":\"Informaci\u00f3n legal importante sobre responsabilidad independencia y limitaciones del sitio web de UHY Colombia\",\"breadcrumb\":{\"@id\":\"https:\/\/uhy-co.com\/disclosure\/#breadcrumb\"},\"inLanguage\":\"en-US\",\"potentialAction\":[{\"@type\":\"ReadAction\",\"target\":[\"https:\/\/uhy-co.com\/disclosure\/\"]}]},{\"@type\":\"ImageObject\",\"inLanguage\":\"en-US\",\"@id\":\"https:\/\/uhy-co.com\/disclosure\/#primaryimage\",\"url\":\"https:\/\/uhy-co.com\/wp-content\/uploads\/2025\/05\/UHY-Global-19-cover-hi-res.jpg.webp\",\"contentUrl\":\"https:\/\/uhy-co.com\/wp-content\/uploads\/2025\/05\/UHY-Global-19-cover-hi-res.jpg.webp\",\"width\":420,\"height\":600},{\"@type\":\"BreadcrumbList\",\"@id\":\"https:\/\/uhy-co.com\/disclosure\/#breadcrumb\",\"itemListElement\":[{\"@type\":\"ListItem\",\"position\":1,\"name\":\"Inicio\",\"item\":\"https:\/\/uhy-co.com\/\"},{\"@type\":\"ListItem\",\"position\":2,\"name\":\"Disclosure\"}]},{\"@type\":\"WebSite\",\"@id\":\"https:\/\/uhy-co.com\/#website\",\"url\":\"https:\/\/uhy-co.com\/\",\"name\":\"uhy-co.com\",\"description\":\"\",\"publisher\":{\"@id\":\"https:\/\/uhy-co.com\/#organization\"},\"potentialAction\":[{\"@type\":\"SearchAction\",\"target\":{\"@type\":\"EntryPoint\",\"urlTemplate\":\"https:\/\/uhy-co.com\/?s={search_term_string}\"},\"query-input\":{\"@type\":\"PropertyValueSpecification\",\"valueRequired\":true,\"valueName\":\"search_term_string\"}}],\"inLanguage\":\"en-US\"},{\"@type\":\"Organization\",\"@id\":\"https:\/\/uhy-co.com\/#organization\",\"name\":\"uhy-co.com\",\"url\":\"https:\/\/uhy-co.com\/\",\"logo\":{\"@type\":\"ImageObject\",\"inLanguage\":\"en-US\",\"@id\":\"https:\/\/uhy-co.com\/#\/schema\/logo\/image\/\",\"url\":\"https:\/\/uhy-co.com\/wp-content\/uploads\/2024\/04\/cropped-uhy_shield_green.png\",\"contentUrl\":\"https:\/\/uhy-co.com\/wp-content\/uploads\/2024\/04\/cropped-uhy_shield_green.png\",\"width\":490,\"height\":524,\"caption\":\"uhy-co.com\"},\"image\":{\"@id\":\"https:\/\/uhy-co.com\/#\/schema\/logo\/image\/\"}}]}<\/script>\n<!-- \/ Yoast SEO plugin. -->","yoast_head_json":{"title":"Disclosure - uhy-co.com","description":"Informaci\u00f3n legal importante sobre responsabilidad independencia y limitaciones del sitio web de UHY Colombia","robots":{"index":"index","follow":"follow","max-snippet":"max-snippet:-1","max-image-preview":"max-image-preview:large","max-video-preview":"max-video-preview:-1"},"canonical":"https:\/\/uhy-co.com\/en\/disclosure\/","og_locale":"en_US","og_type":"article","og_title":"Disclosure - uhy-co.com","og_description":"Informaci\u00f3n legal importante sobre responsabilidad independencia y limitaciones del sitio web de UHY Colombia","og_url":"https:\/\/uhy-co.com\/en\/disclosure\/","og_site_name":"uhy-co.com","article_modified_time":"2025-08-22T18:54:23+00:00","og_image":[{"width":420,"height":600,"url":"https:\/\/uhy-co.com\/wp-content\/uploads\/2025\/05\/UHY-Global-19-cover-hi-res.jpg.webp","type":"image\/webp"}],"twitter_card":"summary_large_image","twitter_misc":{"Est. reading time":"4 minutes"},"schema":{"@context":"https:\/\/schema.org","@graph":[{"@type":"WebPage","@id":"https:\/\/uhy-co.com\/disclosure\/","url":"https:\/\/uhy-co.com\/disclosure\/","name":"Disclosure - uhy-co.com","isPartOf":{"@id":"https:\/\/uhy-co.com\/#website"},"primaryImageOfPage":{"@id":"https:\/\/uhy-co.com\/disclosure\/#primaryimage"},"image":{"@id":"https:\/\/uhy-co.com\/disclosure\/#primaryimage"},"thumbnailUrl":"https:\/\/uhy-co.com\/wp-content\/uploads\/2025\/05\/UHY-Global-19-cover-hi-res.jpg.webp","datePublished":"2025-05-07T17:39:56+00:00","dateModified":"2025-08-22T18:54:23+00:00","description":"Informaci\u00f3n legal importante sobre responsabilidad independencia y limitaciones del sitio web de UHY Colombia","breadcrumb":{"@id":"https:\/\/uhy-co.com\/disclosure\/#breadcrumb"},"inLanguage":"en-US","potentialAction":[{"@type":"ReadAction","target":["https:\/\/uhy-co.com\/disclosure\/"]}]},{"@type":"ImageObject","inLanguage":"en-US","@id":"https:\/\/uhy-co.com\/disclosure\/#primaryimage","url":"https:\/\/uhy-co.com\/wp-content\/uploads\/2025\/05\/UHY-Global-19-cover-hi-res.jpg.webp","contentUrl":"https:\/\/uhy-co.com\/wp-content\/uploads\/2025\/05\/UHY-Global-19-cover-hi-res.jpg.webp","width":420,"height":600},{"@type":"BreadcrumbList","@id":"https:\/\/uhy-co.com\/disclosure\/#breadcrumb","itemListElement":[{"@type":"ListItem","position":1,"name":"Inicio","item":"https:\/\/uhy-co.com\/"},{"@type":"ListItem","position":2,"name":"Disclosure"}]},{"@type":"WebSite","@id":"https:\/\/uhy-co.com\/#website","url":"https:\/\/uhy-co.com\/","name":"uhy-co.com","description":"","publisher":{"@id":"https:\/\/uhy-co.com\/#organization"},"potentialAction":[{"@type":"SearchAction","target":{"@type":"EntryPoint","urlTemplate":"https:\/\/uhy-co.com\/?s={search_term_string}"},"query-input":{"@type":"PropertyValueSpecification","valueRequired":true,"valueName":"search_term_string"}}],"inLanguage":"en-US"},{"@type":"Organization","@id":"https:\/\/uhy-co.com\/#organization","name":"uhy-co.com","url":"https:\/\/uhy-co.com\/","logo":{"@type":"ImageObject","inLanguage":"en-US","@id":"https:\/\/uhy-co.com\/#\/schema\/logo\/image\/","url":"https:\/\/uhy-co.com\/wp-content\/uploads\/2024\/04\/cropped-uhy_shield_green.png","contentUrl":"https:\/\/uhy-co.com\/wp-content\/uploads\/2024\/04\/cropped-uhy_shield_green.png","width":490,"height":524,"caption":"uhy-co.com"},"image":{"@id":"https:\/\/uhy-co.com\/#\/schema\/logo\/image\/"}}]}},"_links":{"self":[{"href":"https:\/\/uhy-co.com\/en\/wp-json\/wp\/v2\/pages\/7481","targetHints":{"allow":["GET"]}}],"collection":[{"href":"https:\/\/uhy-co.com\/en\/wp-json\/wp\/v2\/pages"}],"about":[{"href":"https:\/\/uhy-co.com\/en\/wp-json\/wp\/v2\/types\/page"}],"author":[{"embeddable":true,"href":"https:\/\/uhy-co.com\/en\/wp-json\/wp\/v2\/users\/1"}],"replies":[{"embeddable":true,"href":"https:\/\/uhy-co.com\/en\/wp-json\/wp\/v2\/comments?post=7481"}],"version-history":[{"count":29,"href":"https:\/\/uhy-co.com\/en\/wp-json\/wp\/v2\/pages\/7481\/revisions"}],"predecessor-version":[{"id":7551,"href":"https:\/\/uhy-co.com\/en\/wp-json\/wp\/v2\/pages\/7481\/revisions\/7551"}],"wp:featuredmedia":[{"embeddable":true,"href":"https:\/\/uhy-co.com\/en\/wp-json\/wp\/v2\/media\/7483"}],"wp:attachment":[{"href":"https:\/\/uhy-co.com\/en\/wp-json\/wp\/v2\/media?parent=7481"}],"curies":[{"name":"wp","href":"https:\/\/api.w.org\/{rel}","templated":true}]}}